{"id":2,"date":"2024-01-22T11:28:04","date_gmt":"2024-01-22T10:28:04","guid":{"rendered":"https:\/\/destesteurs.com\/?page_id=2"},"modified":"2024-03-01T16:43:42","modified_gmt":"2024-03-01T15:43:42","slug":"outils-ia","status":"publish","type":"page","link":"https:\/\/destesteurs.com\/index.php\/outils-ia\/","title":{"rendered":"OUTILS AI"},"content":{"rendered":"\n<h2 class=\"wp-block-heading\"><\/h2>\n\n\n\n<h3 class=\"wp-block-heading\">Changez votre mani\u00e8re de travailler.<\/h3>\n\n\n\n<p>Ceci est une page d\u2019exemple. C\u2019est diff\u00e9rent d\u2019un article de blog parce qu\u2019elle restera au m\u00eame endroit et appara\u00eetra dans la navigation de votre site (dans la plupart des th\u00e8mes). La plupart des gens commencent par une page \u00ab&nbsp;\u00c0 propos&nbsp;\u00bb qui les pr\u00e9sente aux personnes visitant le site. Cela pourrait ressembler \u00e0 quelque chose comme cela&nbsp;:<\/p>\n\n\n\n<blockquote class=\"wp-block-quote is-layout-flow wp-block-quote-is-layout-flow\">\n<p>Bienvenue dans le monde d&rsquo;Ai Destesteurs &#8211; votre destination privil\u00e9gi\u00e9e pour tout ce qui concerne les outils et la technologie de l&rsquo;intelligence artificielle. En tant que site web \u00e9ducatif, nous nous effor\u00e7ons de donner aux entrepreneurs les connaissances et les comp\u00e9tences n\u00e9cessaires pour naviguer dans le paysage en constante \u00e9volution de l&rsquo;intelligence artificielle.<\/p>\n<\/blockquote>\n\n\n\n<p>\u2026ou quelque chose comme cela&nbsp;:<\/p>\n\n\n\n<blockquote class=\"wp-block-quote is-layout-flow wp-block-quote-is-layout-flow\">\n<p>Que vous soyez un professionnel chevronn\u00e9 ou que vous d\u00e9butiez, notre mission est de vous aider \u00e0 exploiter la puissance de l&rsquo;IA pour am\u00e9liorer votre efficacit\u00e9 et votre productivit\u00e9 sur le lieu de travail. Restez \u00e0 l&rsquo;\u00e9coute pour obtenir des informations pr\u00e9cieuses, des conseils pratiques et les derni\u00e8res nouvelles sur.<\/p>\n<\/blockquote>\n\n\n\n<p>En tant que nouvel utilisateur ou utilisatrice de WordPress, vous devriez vous rendre sur <a href=\"https:\/\/destesteurs.com\/wp-admin\/\">votre tableau de bord<\/a> pour supprimer cette page et cr\u00e9er de nouvelles pages pour votre contenu. Amusez-vous bien&nbsp;!<\/p>\n","protected":false},"excerpt":{"rendered":"<p>Changez votre mani\u00e8re de travailler. Ceci est une page d\u2019exemple. C\u2019est diff\u00e9rent d\u2019un article de blog parce qu\u2019elle restera au m\u00eame endroit et appara\u00eetra dans la navigation de votre site (dans la plupart des th\u00e8mes). La plupart des gens commencent par une page \u00ab&nbsp;\u00c0 propos&nbsp;\u00bb qui les pr\u00e9sente aux personnes visitant le site. Cela pourrait [&hellip;]<\/p>\n","protected":false},"author":1,"featured_media":0,"parent":0,"menu_order":0,"comment_status":"closed","ping_status":"open","template":"","meta":{"_monsterinsights_skip_tracking":false,"_monsterinsights_sitenote_active":false,"_monsterinsights_sitenote_note":"","_monsterinsights_sitenote_category":0,"footnotes":""},"class_list":["post-2","page","type-page","status-publish","hentry"],"aioseo_notices":[],"_links":{"self":[{"href":"https:\/\/destesteurs.com\/index.php\/wp-json\/wp\/v2\/pages\/2","targetHints":{"allow":["GET"]}}],"collection":[{"href":"https:\/\/destesteurs.com\/index.php\/wp-json\/wp\/v2\/pages"}],"about":[{"href":"https:\/\/destesteurs.com\/index.php\/wp-json\/wp\/v2\/types\/page"}],"author":[{"embeddable":true,"href":"https:\/\/destesteurs.com\/index.php\/wp-json\/wp\/v2\/users\/1"}],"replies":[{"embeddable":true,"href":"https:\/\/destesteurs.com\/index.php\/wp-json\/wp\/v2\/comments?post=2"}],"version-history":[{"count":2,"href":"https:\/\/destesteurs.com\/index.php\/wp-json\/wp\/v2\/pages\/2\/revisions"}],"predecessor-version":[{"id":46,"href":"https:\/\/destesteurs.com\/index.php\/wp-json\/wp\/v2\/pages\/2\/revisions\/46"}],"wp:attachment":[{"href":"https:\/\/destesteurs.com\/index.php\/wp-json\/wp\/v2\/media?parent=2"}],"curies":[{"name":"wp","href":"https:\/\/api.w.org\/{rel}","templated":true}]}}